{"id":1115,"date":"2023-08-03T19:14:45","date_gmt":"2023-08-03T17:14:45","guid":{"rendered":"https:\/\/as-lightsound.de\/wordpress\/?post_type=product&#038;p=1115"},"modified":"2025-10-09T09:18:38","modified_gmt":"2025-10-09T07:18:38","slug":"fenix-hercules-6-5","status":"publish","type":"product","link":"https:\/\/as-lightsound.de\/wordpress\/product\/fenix-hercules-6-5\/","title":{"rendered":"Fenix Hercules 6.5"},"content":{"rendered":"<p data-start=\"76\" data-end=\"653\">Der <strong data-start=\"80\" data-end=\"102\">Fenix Hercules 6.5<\/strong> ist ein bodenbelastbarer Hebeturm (\u201elifting tower\u201c) mit Front-Beladung, entwickelt f\u00fcr den Einsatz in Veranstaltungstechnik und Touring. Er bietet eine maximale H\u00f6he von 6,50 m, eine Traglast von 350 kg und ist so konstruiert, dass er Ger\u00e4te wie Lautsprecherarrays, LED-Panels oder Traversensysteme sicher heben kann. Mit seinem kompakten Transportma\u00df, robustem Aluminiumaufbau, innerem Pendel- und Sicherheitssystem sowie Nivellierm\u00f6glichkeit via Libelle ist der Hercules 6.5 ein hochflexibles und zuverl\u00e4ssiges Werkzeug f\u00fcr professionelle Eins\u00e4tze.<\/p>\n<hr data-start=\"655\" data-end=\"658\" \/>\n<h3 data-start=\"660\" data-end=\"693\">Technische Daten (Tech Specs)<\/h3>\n<div class=\"_tableContainer_1rjym_1\">\n<div class=\"group _tableWrapper_1rjym_13 flex w-fit flex-col-reverse\" tabindex=\"-1\">\n<table class=\"w-fit min-w-(--thread-content-width)\" data-start=\"695\" data-end=\"1743\">\n<thead data-start=\"695\" data-end=\"713\">\n<tr data-start=\"695\" data-end=\"713\">\n<th data-start=\"695\" data-end=\"705\" data-col-size=\"sm\">Merkmal<\/th>\n<th data-start=\"705\" data-end=\"713\" data-col-size=\"md\">Wert<\/th>\n<\/tr>\n<\/thead>\n<tbody data-start=\"724\" data-end=\"1743\">\n<tr data-start=\"724\" data-end=\"753\">\n<td data-start=\"724\" data-end=\"737\" data-col-size=\"sm\"><strong data-start=\"726\" data-end=\"736\">Modell<\/strong><\/td>\n<td data-start=\"737\" data-end=\"753\" data-col-size=\"md\">Hercules 6.5<\/td>\n<\/tr>\n<tr data-start=\"754\" data-end=\"792\">\n<td data-start=\"754\" data-end=\"764\" data-col-size=\"sm\"><strong data-start=\"756\" data-end=\"763\">Typ<\/strong><\/td>\n<td data-start=\"764\" data-end=\"792\" data-col-size=\"md\">Frontal Loading Hebeturm<\/td>\n<\/tr>\n<tr data-start=\"793\" data-end=\"823\">\n<td data-start=\"793\" data-end=\"813\" data-col-size=\"sm\"><strong data-start=\"795\" data-end=\"812\">Maximale H\u00f6he<\/strong><\/td>\n<td data-col-size=\"md\" data-start=\"813\" data-end=\"823\">6,50 m<\/td>\n<\/tr>\n<tr data-start=\"824\" data-end=\"868\">\n<td data-start=\"824\" data-end=\"858\" data-col-size=\"sm\"><strong data-start=\"826\" data-end=\"857\">Minimale H\u00f6he (eingefahren)<\/strong><\/td>\n<td data-start=\"858\" data-end=\"868\" data-col-size=\"md\">1,99 m<\/td>\n<\/tr>\n<tr data-start=\"869\" data-end=\"900\">\n<td data-start=\"869\" data-end=\"890\" data-col-size=\"sm\"><strong data-start=\"871\" data-end=\"889\">Traglast (SWL)<\/strong><\/td>\n<td data-col-size=\"md\" data-start=\"890\" data-end=\"900\">350 kg<\/td>\n<\/tr>\n<tr data-start=\"901\" data-end=\"938\">\n<td data-start=\"901\" data-end=\"929\" data-col-size=\"sm\"><strong data-start=\"903\" data-end=\"928\">Mindestsicherungslast<\/strong><\/td>\n<td data-start=\"929\" data-end=\"938\" data-col-size=\"md\">25 kg<\/td>\n<\/tr>\n<tr data-start=\"939\" data-end=\"994\">\n<td data-start=\"939\" data-end=\"954\" data-col-size=\"sm\"><strong data-start=\"941\" data-end=\"953\">Material<\/strong><\/td>\n<td data-start=\"954\" data-end=\"994\" data-col-size=\"md\">Aluminiumlegierung (Al Si 6082 \/ T6)<\/td>\n<\/tr>\n<tr data-start=\"995\" data-end=\"1073\">\n<td data-start=\"995\" data-end=\"1019\" data-col-size=\"sm\"><strong data-start=\"997\" data-end=\"1018\">Kabel \/ Drahtseil<\/strong><\/td>\n<td data-start=\"1019\" data-end=\"1073\" data-col-size=\"md\">Galvanisierter Stahldraht, \u00d8 6 mm, Norm EN 12385-4<\/td>\n<\/tr>\n<tr data-start=\"1074\" data-end=\"1114\">\n<td data-start=\"1074\" data-end=\"1102\" data-col-size=\"sm\"><strong data-start=\"1076\" data-end=\"1101\">Maximale Drahtzuglast<\/strong><\/td>\n<td data-start=\"1102\" data-end=\"1114\" data-col-size=\"md\">19.600 N<\/td>\n<\/tr>\n<tr data-start=\"1115\" data-end=\"1160\">\n<td data-start=\"1115\" data-end=\"1138\" data-col-size=\"sm\"><strong data-start=\"1117\" data-end=\"1137\">Seilkonstruktion<\/strong><\/td>\n<td data-start=\"1138\" data-end=\"1160\" data-col-size=\"md\">7 \u00d7 19 (plus Kern)<\/td>\n<\/tr>\n<tr data-start=\"1161\" data-end=\"1224\">\n<td data-start=\"1161\" data-end=\"1203\" data-col-size=\"sm\"><strong data-start=\"1163\" data-end=\"1202\">Basisfl\u00e4che ge\u00f6ffnet (Arbeitsmodus)<\/strong><\/td>\n<td data-start=\"1203\" data-end=\"1224\" data-col-size=\"md\">ca. 2,49 \u00d7 2,19 m<\/td>\n<\/tr>\n<tr data-start=\"1225\" data-end=\"1276\">\n<td data-start=\"1225\" data-end=\"1255\" data-col-size=\"sm\"><strong data-start=\"1227\" data-end=\"1254\">Basisfl\u00e4che geschlossen<\/strong><\/td>\n<td data-start=\"1255\" data-end=\"1276\" data-col-size=\"md\">ca. 0,51 \u00d7 0,59 m<\/td>\n<\/tr>\n<tr data-start=\"1277\" data-end=\"1316\">\n<td data-start=\"1277\" data-end=\"1302\" data-col-size=\"sm\"><strong data-start=\"1279\" data-end=\"1301\">Gewicht (komplett)<\/strong><\/td>\n<td data-start=\"1302\" data-end=\"1316\" data-col-size=\"md\">ca. 189 kg<\/td>\n<\/tr>\n<tr data-start=\"1317\" data-end=\"1400\">\n<td data-start=\"1317\" data-end=\"1329\" data-col-size=\"sm\"><strong data-start=\"1319\" data-end=\"1328\">Winde<\/strong><\/td>\n<td data-start=\"1329\" data-end=\"1400\" data-col-size=\"md\">Automatische Lasthaltebremse, AL-KO Typ, dimensioniert f\u00fcr 1.100 kg<\/td>\n<\/tr>\n<tr data-start=\"1401\" data-end=\"1514\">\n<td data-start=\"1401\" data-end=\"1430\" data-col-size=\"sm\"><strong data-start=\"1403\" data-end=\"1429\">Sicherheitsmechanismen<\/strong><\/td>\n<td data-col-size=\"md\" data-start=\"1430\" data-end=\"1514\">Inneres Pendelsystem, externe Ausl\u00f6semechanismen, Sicherheitsbolzen in Segmenten<\/td>\n<\/tr>\n<tr data-start=\"1515\" data-end=\"1581\">\n<td data-start=\"1515\" data-end=\"1534\" data-col-size=\"sm\"><strong data-start=\"1517\" data-end=\"1533\">Nivellierung<\/strong><\/td>\n<td data-start=\"1534\" data-end=\"1581\" data-col-size=\"md\">integrierte Libelle zur exakten Ausrichtung<\/td>\n<\/tr>\n<tr data-start=\"1582\" data-end=\"1664\">\n<td data-start=\"1582\" data-end=\"1610\" data-col-size=\"sm\"><strong data-start=\"1584\" data-end=\"1609\">Verankerung \/ St\u00fctzen<\/strong><\/td>\n<td data-start=\"1610\" data-end=\"1664\" data-col-size=\"md\">Ausleger mit Sicherheitssplinten f\u00fcr stabile Basis<\/td>\n<\/tr>\n<tr data-start=\"1665\" data-end=\"1743\">\n<td data-start=\"1665\" data-end=\"1698\" data-col-size=\"sm\"><strong data-start=\"1667\" data-end=\"1697\">Einsatznormen \/ Sicherheit<\/strong><\/td>\n<td data-col-size=\"md\" data-start=\"1698\" data-end=\"1743\">CE \/ Maschinenrichtlinie, gepr\u00fcfte Statik<\/td>\n<\/tr>\n<\/tbody>\n<\/table>\n<\/div>\n<\/div>\n","protected":false},"excerpt":{"rendered":"<p>6 vorr\u00e4tig<\/p>\n","protected":false},"featured_media":1116,"template":"","meta":[],"product_brand":[],"product_cat":[43],"product_tag":[],"class_list":{"0":"post-1115","1":"product","2":"type-product","3":"status-publish","4":"has-post-thumbnail","6":"product_cat-lifte","8":"first","9":"instock","10":"taxable","11":"shipping-taxable","12":"purchasable","13":"product-type-simple"},"_links":{"self":[{"href":"https:\/\/as-lightsound.de\/wordpress\/wp-json\/wp\/v2\/product\/1115","targetHints":{"allow":["GET"]}}],"collection":[{"href":"https:\/\/as-lightsound.de\/wordpress\/wp-json\/wp\/v2\/product"}],"about":[{"href":"https:\/\/as-lightsound.de\/wordpress\/wp-json\/wp\/v2\/types\/product"}],"wp:featuredmedia":[{"embeddable":true,"href":"https:\/\/as-lightsound.de\/wordpress\/wp-json\/wp\/v2\/media\/1116"}],"wp:attachment":[{"href":"https:\/\/as-lightsound.de\/wordpress\/wp-json\/wp\/v2\/media?parent=1115"}],"wp:term":[{"taxonomy":"product_brand","embeddable":true,"href":"https:\/\/as-lightsound.de\/wordpress\/wp-json\/wp\/v2\/product_brand?post=1115"},{"taxonomy":"product_cat","embeddable":true,"href":"https:\/\/as-lightsound.de\/wordpress\/wp-json\/wp\/v2\/product_cat?post=1115"},{"taxonomy":"product_tag","embeddable":true,"href":"https:\/\/as-lightsound.de\/wordpress\/wp-json\/wp\/v2\/product_tag?post=1115"}],"curies":[{"name":"wp","href":"https:\/\/api.w.org\/{rel}","templated":true}]}}