{"id":111,"date":"2021-02-17T11:21:04","date_gmt":"2021-02-17T10:21:04","guid":{"rendered":"https:\/\/as-lightsound.de\/wordpress\/?post_type=product&#038;p=111"},"modified":"2025-10-07T10:13:21","modified_gmt":"2025-10-07T08:13:21","slug":"111","status":"publish","type":"product","link":"https:\/\/as-lightsound.de\/wordpress\/product\/111\/","title":{"rendered":"Soundcraft EFX12"},"content":{"rendered":"<p data-start=\"204\" data-end=\"603\">Das <strong data-start=\"208\" data-end=\"228\">Soundcraft EFX12<\/strong> ist ein professionelles, kompaktes <strong data-start=\"264\" data-end=\"283\">Analogmischpult<\/strong> mit integriertem <strong data-start=\"301\" data-end=\"335\">Lexicon 24-Bit Effektprozessor<\/strong>. Es bietet 12 Monokan\u00e4le mit hochwertigen Mikrofonvorverst\u00e4rkern, eine musikalische EQ-Sektion und zwei Stereo-Eing\u00e4nge. Ideal f\u00fcr Bands, kleine B\u00fchnen, Kirchen und Studios kombiniert das EFX12 erstklassigen Sound mit intuitiver Bedienung und robuster Verarbeitung.<\/p>\n<hr data-start=\"605\" data-end=\"608\" \/>\n<h3 data-start=\"610\" data-end=\"647\"><strong data-start=\"614\" data-end=\"647\">Technische Daten (Tech Specs)<\/strong><\/h3>\n<div class=\"_tableContainer_1rjym_1\">\n<div class=\"group _tableWrapper_1rjym_13 flex w-fit flex-col-reverse\" tabindex=\"-1\">\n<table class=\"w-fit min-w-(--thread-content-width)\" data-start=\"649\" data-end=\"1864\">\n<thead data-start=\"649\" data-end=\"676\">\n<tr data-start=\"649\" data-end=\"676\">\n<th data-start=\"649\" data-end=\"659\" data-col-size=\"sm\">Merkmal<\/th>\n<th data-start=\"659\" data-end=\"676\" data-col-size=\"md\">Spezifikation<\/th>\n<\/tr>\n<\/thead>\n<tbody data-start=\"700\" data-end=\"1864\">\n<tr data-start=\"700\" data-end=\"765\">\n<td data-start=\"700\" data-end=\"722\" data-col-size=\"sm\"><strong data-start=\"702\" data-end=\"721\">Eing\u00e4nge (Mono)<\/strong><\/td>\n<td data-start=\"722\" data-end=\"765\" data-col-size=\"md\">12 \u00d7 Mic\/Line (XLR + Klinke, schaltbar)<\/td>\n<\/tr>\n<tr data-start=\"766\" data-end=\"825\">\n<td data-start=\"766\" data-end=\"790\" data-col-size=\"sm\"><strong data-start=\"768\" data-end=\"789\">Eing\u00e4nge (Stereo)<\/strong><\/td>\n<td data-start=\"790\" data-end=\"825\" data-col-size=\"md\">2 \u00d7 Stereo Line (6,3 mm Klinke)<\/td>\n<\/tr>\n<tr data-start=\"826\" data-end=\"894\">\n<td data-start=\"826\" data-end=\"848\" data-col-size=\"sm\"><strong data-start=\"828\" data-end=\"847\">Ausg\u00e4nge (Main)<\/strong><\/td>\n<td data-start=\"848\" data-end=\"894\" data-col-size=\"md\">2 \u00d7 XLR (L\/R) + Monitor &amp; Aux Out (Klinke)<\/td>\n<\/tr>\n<tr data-start=\"895\" data-end=\"962\">\n<td data-start=\"895\" data-end=\"911\" data-col-size=\"sm\"><strong data-start=\"897\" data-end=\"910\">Aux Sends<\/strong><\/td>\n<td data-start=\"911\" data-end=\"962\" data-col-size=\"md\">2 (1 \u00d7 FX, 1 \u00d7 Aux\/Monitor, pre\/post schaltbar)<\/td>\n<\/tr>\n<tr data-start=\"963\" data-end=\"1013\">\n<td data-start=\"963\" data-end=\"983\" data-col-size=\"sm\"><strong data-start=\"965\" data-end=\"982\">Insert Points<\/strong><\/td>\n<td data-start=\"983\" data-end=\"1013\" data-col-size=\"md\">Pro Monokanal (TRS-Klinke)<\/td>\n<\/tr>\n<tr data-start=\"1014\" data-end=\"1088\">\n<td data-start=\"1014\" data-end=\"1037\" data-col-size=\"sm\"><strong data-start=\"1016\" data-end=\"1036\">EQ (Mono-Kan\u00e4le)<\/strong><\/td>\n<td data-start=\"1037\" data-end=\"1088\" data-col-size=\"md\">3-Band-EQ mit parametrischen Mitten (sweepable)<\/td>\n<\/tr>\n<tr data-start=\"1089\" data-end=\"1142\">\n<td data-start=\"1089\" data-end=\"1114\" data-col-size=\"sm\"><strong data-start=\"1091\" data-end=\"1113\">EQ (Stereo-Kan\u00e4le)<\/strong><\/td>\n<td data-start=\"1114\" data-end=\"1142\" data-col-size=\"md\">2-Band-EQ (H\u00f6hen\/Tiefen)<\/td>\n<\/tr>\n<tr data-start=\"1143\" data-end=\"1241\">\n<td data-start=\"1143\" data-end=\"1157\" data-col-size=\"sm\"><strong data-start=\"1145\" data-end=\"1156\">Effekte<\/strong><\/td>\n<td data-start=\"1157\" data-end=\"1241\" data-col-size=\"md\">Integrierter <strong data-start=\"1172\" data-end=\"1194\">Lexicon 24-Bit DSP<\/strong> mit 32 Presets (Reverb, Delay, Chorus, etc.)<\/td>\n<\/tr>\n<tr data-start=\"1242\" data-end=\"1286\">\n<td data-start=\"1242\" data-end=\"1262\" data-col-size=\"sm\"><strong data-start=\"1244\" data-end=\"1261\">Pegelanzeigen<\/strong><\/td>\n<td data-start=\"1262\" data-end=\"1286\" data-col-size=\"md\">10-Segment-LED-Meter<\/td>\n<\/tr>\n<tr data-start=\"1287\" data-end=\"1324\">\n<td data-start=\"1287\" data-end=\"1299\" data-col-size=\"sm\"><strong data-start=\"1289\" data-end=\"1298\">Fader<\/strong><\/td>\n<td data-start=\"1299\" data-end=\"1324\" data-col-size=\"md\">60 mm Pr\u00e4zisionsfader<\/td>\n<\/tr>\n<tr data-start=\"1325\" data-end=\"1366\">\n<td data-start=\"1325\" data-end=\"1347\" data-col-size=\"sm\"><strong data-start=\"1327\" data-end=\"1346\">Phantomspeisung<\/strong><\/td>\n<td data-start=\"1347\" data-end=\"1366\" data-col-size=\"md\">+48 V schaltbar<\/td>\n<\/tr>\n<tr data-start=\"1367\" data-end=\"1425\">\n<td data-start=\"1367\" data-end=\"1390\" data-col-size=\"sm\"><strong data-start=\"1369\" data-end=\"1389\">Kopfh\u00f6rerausgang<\/strong><\/td>\n<td data-start=\"1390\" data-end=\"1425\" data-col-size=\"md\">6,3 mm Klinke mit Pegelregelung<\/td>\n<\/tr>\n<tr data-start=\"1426\" data-end=\"1483\">\n<td data-start=\"1426\" data-end=\"1444\" data-col-size=\"sm\"><strong data-start=\"1428\" data-end=\"1443\">Tape In\/Out<\/strong><\/td>\n<td data-start=\"1444\" data-end=\"1483\" data-col-size=\"md\">Cinch (RCA) \u2013 f\u00fcr Aufnahme\/Playback<\/td>\n<\/tr>\n<tr data-start=\"1484\" data-end=\"1536\">\n<td data-start=\"1484\" data-end=\"1506\" data-col-size=\"sm\"><strong data-start=\"1486\" data-end=\"1505\">Stromversorgung<\/strong><\/td>\n<td data-start=\"1506\" data-end=\"1536\" data-col-size=\"md\">Intern (IEC-Netzanschluss)<\/td>\n<\/tr>\n<tr data-start=\"1537\" data-end=\"1589\">\n<td data-start=\"1537\" data-end=\"1563\" data-col-size=\"sm\"><strong data-start=\"1539\" data-end=\"1562\">Spannungsversorgung<\/strong><\/td>\n<td data-start=\"1563\" data-end=\"1589\" data-col-size=\"md\">100\u2013240 V AC, 50\/60 Hz<\/td>\n<\/tr>\n<tr data-start=\"1590\" data-end=\"1626\">\n<td data-start=\"1590\" data-end=\"1614\" data-col-size=\"sm\"><strong data-start=\"1592\" data-end=\"1613\">Leistungsaufnahme<\/strong><\/td>\n<td data-start=\"1614\" data-end=\"1626\" data-col-size=\"md\">ca. 25 W<\/td>\n<\/tr>\n<tr data-start=\"1627\" data-end=\"1660\">\n<td data-start=\"1627\" data-end=\"1643\" data-col-size=\"sm\"><strong data-start=\"1629\" data-end=\"1642\">Schutzart<\/strong><\/td>\n<td data-start=\"1643\" data-end=\"1660\" data-col-size=\"md\">IP20 (Indoor)<\/td>\n<\/tr>\n<tr data-start=\"1661\" data-end=\"1712\">\n<td data-start=\"1661\" data-end=\"1691\" data-col-size=\"sm\"><strong data-start=\"1663\" data-end=\"1690\">Abmessungen (B \u00d7 H \u00d7 T)<\/strong><\/td>\n<td data-start=\"1691\" data-end=\"1712\" data-col-size=\"md\">432 \u00d7 91 \u00d7 362 mm<\/td>\n<\/tr>\n<tr data-start=\"1713\" data-end=\"1741\">\n<td data-start=\"1713\" data-end=\"1727\" data-col-size=\"sm\"><strong data-start=\"1715\" data-end=\"1726\">Gewicht<\/strong><\/td>\n<td data-start=\"1727\" data-end=\"1741\" data-col-size=\"md\">ca. 5,8 kg<\/td>\n<\/tr>\n<tr data-start=\"1742\" data-end=\"1864\">\n<td data-start=\"1742\" data-end=\"1763\" data-col-size=\"sm\"><strong data-start=\"1744\" data-end=\"1762\">Besonderheiten<\/strong><\/td>\n<td data-start=\"1763\" data-end=\"1864\" data-col-size=\"md\">12 Mic-Preamps, 3-Band-EQ, Lexicon-Effekte, 2 Aux-Wege, robuste Metallkonstruktion, XLR-Main-Outs<\/td>\n<\/tr>\n<\/tbody>\n<\/table>\n<\/div>\n<\/div>\n","protected":false},"excerpt":{"rendered":"<p>2 vorr\u00e4tig<\/p>\n","protected":false},"featured_media":112,"template":"","meta":[],"product_brand":[],"product_cat":[16],"product_tag":[],"class_list":{"0":"post-111","1":"product","2":"type-product","3":"status-publish","4":"has-post-thumbnail","6":"product_cat-mischpulte","8":"first","9":"instock","10":"taxable","11":"shipping-taxable","12":"purchasable","13":"product-type-simple"},"_links":{"self":[{"href":"https:\/\/as-lightsound.de\/wordpress\/wp-json\/wp\/v2\/product\/111","targetHints":{"allow":["GET"]}}],"collection":[{"href":"https:\/\/as-lightsound.de\/wordpress\/wp-json\/wp\/v2\/product"}],"about":[{"href":"https:\/\/as-lightsound.de\/wordpress\/wp-json\/wp\/v2\/types\/product"}],"wp:featuredmedia":[{"embeddable":true,"href":"https:\/\/as-lightsound.de\/wordpress\/wp-json\/wp\/v2\/media\/112"}],"wp:attachment":[{"href":"https:\/\/as-lightsound.de\/wordpress\/wp-json\/wp\/v2\/media?parent=111"}],"wp:term":[{"taxonomy":"product_brand","embeddable":true,"href":"https:\/\/as-lightsound.de\/wordpress\/wp-json\/wp\/v2\/product_brand?post=111"},{"taxonomy":"product_cat","embeddable":true,"href":"https:\/\/as-lightsound.de\/wordpress\/wp-json\/wp\/v2\/product_cat?post=111"},{"taxonomy":"product_tag","embeddable":true,"href":"https:\/\/as-lightsound.de\/wordpress\/wp-json\/wp\/v2\/product_tag?post=111"}],"curies":[{"name":"wp","href":"https:\/\/api.w.org\/{rel}","templated":true}]}}