{"id":1103,"date":"2023-08-03T18:53:45","date_gmt":"2023-08-03T16:53:45","guid":{"rendered":"https:\/\/as-lightsound.de\/wordpress\/?post_type=product&#038;p=1103"},"modified":"2025-10-09T08:12:19","modified_gmt":"2025-10-09T06:12:19","slug":"blackmagic-design-ultrastudio-4k-mini","status":"publish","type":"product","link":"https:\/\/as-lightsound.de\/wordpress\/product\/blackmagic-design-ultrastudio-4k-mini\/","title":{"rendered":"Blackmagic Design UltraStudio 4K Mini"},"content":{"rendered":"<p data-start=\"93\" data-end=\"573\">Die <strong data-start=\"97\" data-end=\"138\">Blackmagic Design UltraStudio 4K Mini<\/strong> ist ein professionelles Capture- und Playback-Interface f\u00fcr Film-, Broadcast- und Postproduktionsanwendungen. Sie unterst\u00fctzt SD, HD, Ultra HD und DCI 4K bis 60p \u00fcber Thunderbolt 3 und bietet Anschl\u00fcsse in professioneller Studioqualit\u00e4t. Mit SDI-, HDMI- und analogen Ein-\/Ausg\u00e4ngen, integriertem Audio-Interface und Echtzeit-Videokonvertierung eignet sich die UltraStudio 4K Mini ideal f\u00fcr Schnitt, Farbkorrektur und Liveproduktion.<\/p>\n<hr data-start=\"575\" data-end=\"578\" \/>\n<h3 data-start=\"580\" data-end=\"613\">Technische Daten (Tech Specs)<\/h3>\n<div class=\"_tableContainer_1rjym_1\">\n<div class=\"group _tableWrapper_1rjym_13 flex w-fit flex-col-reverse\" tabindex=\"-1\">\n<table class=\"w-fit min-w-(--thread-content-width)\" data-start=\"615\" data-end=\"2039\">\n<thead data-start=\"615\" data-end=\"633\">\n<tr data-start=\"615\" data-end=\"633\">\n<th data-start=\"615\" data-end=\"625\" data-col-size=\"sm\">Merkmal<\/th>\n<th data-start=\"625\" data-end=\"633\" data-col-size=\"md\">Wert<\/th>\n<\/tr>\n<\/thead>\n<tbody data-start=\"654\" data-end=\"2039\">\n<tr data-start=\"654\" data-end=\"708\">\n<td data-start=\"654\" data-end=\"667\" data-col-size=\"sm\"><strong data-start=\"656\" data-end=\"666\">Modell<\/strong><\/td>\n<td data-start=\"667\" data-end=\"708\" data-col-size=\"md\">Blackmagic Design UltraStudio 4K Mini<\/td>\n<\/tr>\n<tr data-start=\"709\" data-end=\"767\">\n<td data-start=\"709\" data-end=\"725\" data-col-size=\"sm\"><strong data-start=\"711\" data-end=\"724\">Ger\u00e4tetyp<\/strong><\/td>\n<td data-start=\"725\" data-end=\"767\" data-col-size=\"md\">Externes Capture- &amp; Playback-Interface<\/td>\n<\/tr>\n<tr data-start=\"768\" data-end=\"821\">\n<td data-start=\"768\" data-end=\"792\" data-col-size=\"sm\"><strong data-start=\"770\" data-end=\"791\">Anschluss an Host<\/strong><\/td>\n<td data-start=\"792\" data-end=\"821\" data-col-size=\"md\">Thunderbolt 3 (40 Gbit\/s)<\/td>\n<\/tr>\n<tr data-start=\"822\" data-end=\"918\">\n<td data-start=\"822\" data-end=\"842\" data-col-size=\"sm\"><strong data-start=\"824\" data-end=\"841\">Videoeing\u00e4nge<\/strong><\/td>\n<td data-start=\"842\" data-end=\"918\" data-col-size=\"md\">1 \u00d7 12G-SDI, 1 \u00d7 HDMI 2.0, 1 \u00d7 analog (Komponente \/ Composite \/ S-Video)<\/td>\n<\/tr>\n<tr data-start=\"919\" data-end=\"968\">\n<td data-start=\"919\" data-end=\"939\" data-col-size=\"sm\"><strong data-start=\"921\" data-end=\"938\">Videoausg\u00e4nge<\/strong><\/td>\n<td data-start=\"939\" data-end=\"968\" data-col-size=\"md\">2 \u00d7 12G-SDI, 1 \u00d7 HDMI 2.0<\/td>\n<\/tr>\n<tr data-start=\"969\" data-end=\"1080\">\n<td data-start=\"969\" data-end=\"989\" data-col-size=\"sm\"><strong data-start=\"971\" data-end=\"988\">Audioeing\u00e4nge<\/strong><\/td>\n<td data-start=\"989\" data-end=\"1080\" data-col-size=\"md\">2 \u00d7 XLR (Analog, Mic\/Line, symmetrisch), 1 \u00d7 3,5 mm Stereo (Mic\/Line), 1 \u00d7 SDI Embedded<\/td>\n<\/tr>\n<tr data-start=\"1081\" data-end=\"1170\">\n<td data-start=\"1081\" data-end=\"1101\" data-col-size=\"sm\"><strong data-start=\"1083\" data-end=\"1100\">Audioausg\u00e4nge<\/strong><\/td>\n<td data-start=\"1101\" data-end=\"1170\" data-col-size=\"md\">2 \u00d7 XLR, 1 \u00d7 Stereo RCA, 1 \u00d7 SDI Embedded, 1 \u00d7 Kopfh\u00f6rer (6,3 mm)<\/td>\n<\/tr>\n<tr data-start=\"1171\" data-end=\"1240\">\n<td data-start=\"1171\" data-end=\"1190\" data-col-size=\"sm\"><strong data-start=\"1173\" data-end=\"1189\">Videoformate<\/strong><\/td>\n<td data-start=\"1190\" data-end=\"1240\" data-col-size=\"md\">SD, HD, Ultra HD, 4K DCI bis 4096 \u00d7 2160 @ 60p<\/td>\n<\/tr>\n<tr data-start=\"1241\" data-end=\"1284\">\n<td data-start=\"1241\" data-end=\"1257\" data-col-size=\"sm\"><strong data-start=\"1243\" data-end=\"1256\">Farbtiefe<\/strong><\/td>\n<td data-start=\"1257\" data-end=\"1284\" data-col-size=\"md\">8\/10\/12 Bit YUV und RGB<\/td>\n<\/tr>\n<tr data-start=\"1285\" data-end=\"1344\">\n<td data-start=\"1285\" data-end=\"1310\" data-col-size=\"sm\"><strong data-start=\"1287\" data-end=\"1309\">Farbunterabtastung<\/strong><\/td>\n<td data-start=\"1310\" data-end=\"1344\" data-col-size=\"md\">4:2:2 \/ 4:4:4 (je nach Format)<\/td>\n<\/tr>\n<tr data-start=\"1345\" data-end=\"1385\">\n<td data-start=\"1345\" data-end=\"1366\" data-col-size=\"sm\"><strong data-start=\"1347\" data-end=\"1365\">Audioaufl\u00f6sung<\/strong><\/td>\n<td data-start=\"1366\" data-end=\"1385\" data-col-size=\"md\">24 Bit \/ 48 kHz<\/td>\n<\/tr>\n<tr data-start=\"1386\" data-end=\"1439\">\n<td data-start=\"1386\" data-end=\"1408\" data-col-size=\"sm\"><strong data-start=\"1388\" data-end=\"1407\">Referenzeingang<\/strong><\/td>\n<td data-start=\"1408\" data-end=\"1439\" data-col-size=\"md\">Tri-Level Sync \/ Blackburst<\/td>\n<\/tr>\n<tr data-start=\"1440\" data-end=\"1494\">\n<td data-start=\"1440\" data-end=\"1456\" data-col-size=\"sm\"><strong data-start=\"1442\" data-end=\"1455\">Steuerung<\/strong><\/td>\n<td data-start=\"1456\" data-end=\"1494\" data-col-size=\"md\">RS-422 (Sony Protokoll-kompatibel)<\/td>\n<\/tr>\n<tr data-start=\"1495\" data-end=\"1556\">\n<td data-start=\"1495\" data-end=\"1513\" data-col-size=\"sm\"><strong data-start=\"1497\" data-end=\"1512\">Videonormen<\/strong><\/td>\n<td data-start=\"1513\" data-end=\"1556\" data-col-size=\"md\">SDI: SMPTE 259M, 292M, 296M, 424M, 425M<\/td>\n<\/tr>\n<tr data-start=\"1557\" data-end=\"1621\">\n<td data-start=\"1557\" data-end=\"1579\" data-col-size=\"sm\"><strong data-start=\"1559\" data-end=\"1578\">Stromversorgung<\/strong><\/td>\n<td data-start=\"1579\" data-end=\"1621\" data-col-size=\"md\">100 \u2013 240 V AC (integriertes Netzteil)<\/td>\n<\/tr>\n<tr data-start=\"1622\" data-end=\"1658\">\n<td data-start=\"1622\" data-end=\"1646\" data-col-size=\"sm\"><strong data-start=\"1624\" data-end=\"1645\">Leistungsaufnahme<\/strong><\/td>\n<td data-start=\"1646\" data-end=\"1658\" data-col-size=\"md\">ca. 40 W<\/td>\n<\/tr>\n<tr data-start=\"1659\" data-end=\"1733\">\n<td data-start=\"1659\" data-end=\"1689\" data-col-size=\"sm\"><strong data-start=\"1661\" data-end=\"1688\">Abmessungen (B \u00d7 H \u00d7 T)<\/strong><\/td>\n<td data-start=\"1689\" data-end=\"1733\" data-col-size=\"md\">218 \u00d7 44 \u00d7 176 mm (1\/2 Rackbreite, 1 HE)<\/td>\n<\/tr>\n<tr data-start=\"1734\" data-end=\"1762\">\n<td data-start=\"1734\" data-end=\"1748\" data-col-size=\"sm\"><strong data-start=\"1736\" data-end=\"1747\">Gewicht<\/strong><\/td>\n<td data-start=\"1748\" data-end=\"1762\" data-col-size=\"md\">ca. 1,4 kg<\/td>\n<\/tr>\n<tr data-start=\"1763\" data-end=\"1815\">\n<td data-start=\"1763\" data-end=\"1778\" data-col-size=\"sm\"><strong data-start=\"1765\" data-end=\"1777\">Material<\/strong><\/td>\n<td data-start=\"1778\" data-end=\"1815\" data-col-size=\"md\">Aluminiumgeh\u00e4use (Studioqualit\u00e4t)<\/td>\n<\/tr>\n<tr data-start=\"1816\" data-end=\"1919\">\n<td data-start=\"1816\" data-end=\"1842\" data-col-size=\"sm\"><strong data-start=\"1818\" data-end=\"1841\">Kompatible Software<\/strong><\/td>\n<td data-start=\"1842\" data-end=\"1919\" data-col-size=\"md\">DaVinci Resolve, Avid Media Composer, Adobe Premiere Pro, Final Cut Pro X<\/td>\n<\/tr>\n<tr data-start=\"1920\" data-end=\"1967\">\n<td data-start=\"1920\" data-end=\"1942\" data-col-size=\"sm\"><strong data-start=\"1922\" data-end=\"1941\">Betriebssysteme<\/strong><\/td>\n<td data-start=\"1942\" data-end=\"1967\" data-col-size=\"md\">macOS, Windows, Linux<\/td>\n<\/tr>\n<tr data-start=\"1968\" data-end=\"2006\">\n<td data-start=\"1968\" data-end=\"1993\" data-col-size=\"sm\"><strong data-start=\"1970\" data-end=\"1992\">Betriebstemperatur<\/strong><\/td>\n<td data-start=\"1993\" data-end=\"2006\" data-col-size=\"md\">0 \u2013 40 \u00b0C<\/td>\n<\/tr>\n<tr data-start=\"2007\" data-end=\"2039\">\n<td data-start=\"2007\" data-end=\"2019\" data-col-size=\"sm\"><strong data-start=\"2009\" data-end=\"2018\">Farbe<\/strong><\/td>\n<td data-start=\"2019\" data-end=\"2039\" data-col-size=\"md\">Schwarz \/ Silber<\/td>\n<\/tr>\n<\/tbody>\n<\/table>\n<\/div>\n<\/div>\n","protected":false},"excerpt":{"rendered":"<p>1 vorr\u00e4tig<\/p>\n","protected":false},"featured_media":1104,"template":"","meta":[],"product_brand":[],"product_cat":[28],"product_tag":[],"class_list":{"0":"post-1103","1":"product","2":"type-product","3":"status-publish","4":"has-post-thumbnail","6":"product_cat-zubehoer","8":"first","9":"instock","10":"taxable","11":"shipping-taxable","12":"purchasable","13":"product-type-simple"},"_links":{"self":[{"href":"https:\/\/as-lightsound.de\/wordpress\/wp-json\/wp\/v2\/product\/1103","targetHints":{"allow":["GET"]}}],"collection":[{"href":"https:\/\/as-lightsound.de\/wordpress\/wp-json\/wp\/v2\/product"}],"about":[{"href":"https:\/\/as-lightsound.de\/wordpress\/wp-json\/wp\/v2\/types\/product"}],"wp:featuredmedia":[{"embeddable":true,"href":"https:\/\/as-lightsound.de\/wordpress\/wp-json\/wp\/v2\/media\/1104"}],"wp:attachment":[{"href":"https:\/\/as-lightsound.de\/wordpress\/wp-json\/wp\/v2\/media?parent=1103"}],"wp:term":[{"taxonomy":"product_brand","embeddable":true,"href":"https:\/\/as-lightsound.de\/wordpress\/wp-json\/wp\/v2\/product_brand?post=1103"},{"taxonomy":"product_cat","embeddable":true,"href":"https:\/\/as-lightsound.de\/wordpress\/wp-json\/wp\/v2\/product_cat?post=1103"},{"taxonomy":"product_tag","embeddable":true,"href":"https:\/\/as-lightsound.de\/wordpress\/wp-json\/wp\/v2\/product_tag?post=1103"}],"curies":[{"name":"wp","href":"https:\/\/api.w.org\/{rel}","templated":true}]}}