{"id":1101,"date":"2023-08-03T18:50:54","date_gmt":"2023-08-03T16:50:54","guid":{"rendered":"https:\/\/as-lightsound.de\/wordpress\/?post_type=product&#038;p=1101"},"modified":"2025-10-09T09:24:22","modified_gmt":"2025-10-09T07:24:22","slug":"magicfx-club-blower","status":"publish","type":"product","link":"https:\/\/as-lightsound.de\/wordpress\/product\/magicfx-club-blower\/","title":{"rendered":"MagicFX Club Blower"},"content":{"rendered":"<p data-start=\"74\" data-end=\"534\">Der <strong data-start=\"78\" data-end=\"101\">MagicFX Club Blower<\/strong> ist ein leistungsstarker Konfetti-Blower, der konfettibasierte B\u00fchnen- und Party-Effekte erzeugt. Durch eine automatische Dosiermechanik und ein gro\u00dfes Fassungsverm\u00f6gen kann er kontinuierlich konfetti aussto\u00dfen, ideal f\u00fcr DJs, Clubs, Events oder Shows. Mit seiner kompakten Konstruktion l\u00e4sst er sich sowohl bodennah als auch unter Traversen montieren \u2013 perfekt zur Erstellung spektakul\u00e4rer Konfetti-Effekte mit einfacher Bedienung.<\/p>\n<hr data-start=\"536\" data-end=\"539\" \/>\n<h3 data-start=\"541\" data-end=\"574\">Technische Daten (Tech Specs)<\/h3>\n<div class=\"_tableContainer_1rjym_1\">\n<div class=\"group _tableWrapper_1rjym_13 flex w-fit flex-col-reverse\" tabindex=\"-1\">\n<table class=\"w-fit min-w-(--thread-content-width)\" data-start=\"576\" data-end=\"1378\">\n<thead data-start=\"576\" data-end=\"594\">\n<tr data-start=\"576\" data-end=\"594\">\n<th data-start=\"576\" data-end=\"586\" data-col-size=\"sm\">Merkmal<\/th>\n<th data-start=\"586\" data-end=\"594\" data-col-size=\"md\">Wert<\/th>\n<\/tr>\n<\/thead>\n<tbody data-start=\"615\" data-end=\"1378\">\n<tr data-start=\"615\" data-end=\"651\">\n<td data-start=\"615\" data-end=\"628\" data-col-size=\"sm\"><strong data-start=\"617\" data-end=\"627\">Modell<\/strong><\/td>\n<td data-start=\"628\" data-end=\"651\" data-col-size=\"md\">MagicFX Club Blower<\/td>\n<\/tr>\n<tr data-start=\"652\" data-end=\"690\">\n<td data-start=\"652\" data-end=\"679\" data-col-size=\"sm\"><strong data-start=\"654\" data-end=\"678\">Triebwerk \/ Leistung<\/strong><\/td>\n<td data-col-size=\"md\" data-start=\"679\" data-end=\"690\">1.500 W<\/td>\n<\/tr>\n<tr data-start=\"691\" data-end=\"736\">\n<td data-start=\"691\" data-end=\"706\" data-col-size=\"sm\"><strong data-start=\"693\" data-end=\"705\">Spannung<\/strong><\/td>\n<td data-start=\"706\" data-end=\"736\" data-col-size=\"md\">210 \u2013 240 V AC, 50 \/ 60 Hz<\/td>\n<\/tr>\n<tr data-start=\"737\" data-end=\"797\">\n<td data-start=\"737\" data-end=\"756\" data-col-size=\"sm\"><strong data-start=\"739\" data-end=\"755\">Aussto\u00dfweite<\/strong><\/td>\n<td data-start=\"756\" data-end=\"797\" data-col-size=\"md\">bis ca. 8 m (bei idealer Konfettiart)<\/td>\n<\/tr>\n<tr data-start=\"798\" data-end=\"866\">\n<td data-start=\"798\" data-end=\"821\" data-col-size=\"sm\"><strong data-start=\"800\" data-end=\"820\">Fassungsverm\u00f6gen<\/strong><\/td>\n<td data-start=\"821\" data-end=\"866\" data-col-size=\"md\">1 kg Papierkonfetti \/ 2 kg Metallkonfetti<\/td>\n<\/tr>\n<tr data-start=\"867\" data-end=\"922\">\n<td data-start=\"867\" data-end=\"900\" data-col-size=\"sm\"><strong data-start=\"869\" data-end=\"899\">Verbrauch (Papierkonfetti)<\/strong><\/td>\n<td data-start=\"900\" data-end=\"922\" data-col-size=\"md\">bis ca. 0,5 kg\/min<\/td>\n<\/tr>\n<tr data-start=\"923\" data-end=\"976\">\n<td data-start=\"923\" data-end=\"956\" data-col-size=\"sm\"><strong data-start=\"925\" data-end=\"955\">Verbrauch (Metallkonfetti)<\/strong><\/td>\n<td data-start=\"956\" data-end=\"976\" data-col-size=\"md\">bis ca. 1 kg\/min<\/td>\n<\/tr>\n<tr data-start=\"977\" data-end=\"1032\">\n<td data-start=\"977\" data-end=\"1007\" data-col-size=\"sm\"><strong data-start=\"979\" data-end=\"1006\">Abmessungen (L \u00d7 B \u00d7 H)<\/strong><\/td>\n<td data-start=\"1007\" data-end=\"1032\" data-col-size=\"md\">54,8 \u00d7 35,1 \u00d7 43,0 cm<\/td>\n<\/tr>\n<tr data-start=\"1033\" data-end=\"1060\">\n<td data-start=\"1033\" data-end=\"1047\" data-col-size=\"sm\"><strong data-start=\"1035\" data-end=\"1046\">Gewicht<\/strong><\/td>\n<td data-start=\"1047\" data-end=\"1060\" data-col-size=\"md\">ca. 16 kg<\/td>\n<\/tr>\n<tr data-start=\"1061\" data-end=\"1121\">\n<td data-start=\"1061\" data-end=\"1077\" data-col-size=\"sm\"><strong data-start=\"1063\" data-end=\"1076\">Steuerung<\/strong><\/td>\n<td data-start=\"1077\" data-end=\"1121\" data-col-size=\"md\">Direkt ON \/ OFF (powerCON TRUE1 Eingang)<\/td>\n<\/tr>\n<tr data-start=\"1122\" data-end=\"1160\">\n<td data-start=\"1122\" data-end=\"1139\" data-col-size=\"sm\"><strong data-start=\"1124\" data-end=\"1138\">Anschl\u00fcsse<\/strong><\/td>\n<td data-start=\"1139\" data-end=\"1160\" data-col-size=\"md\">powerCON TRUE1 IN<\/td>\n<\/tr>\n<tr data-start=\"1161\" data-end=\"1207\">\n<td data-start=\"1161\" data-end=\"1192\" data-col-size=\"sm\"><strong data-start=\"1163\" data-end=\"1191\">Kompatible Konfettigr\u00f6\u00dfe<\/strong><\/td>\n<td data-start=\"1192\" data-end=\"1207\" data-col-size=\"md\">bis \u00d8 55 mm<\/td>\n<\/tr>\n<tr data-start=\"1208\" data-end=\"1296\">\n<td data-start=\"1208\" data-end=\"1245\" data-col-size=\"sm\"><strong data-start=\"1210\" data-end=\"1244\">Geh\u00e4usematerial \/ Konstruktion<\/strong><\/td>\n<td data-col-size=\"md\" data-start=\"1245\" data-end=\"1296\">Metall \/ Aluminiumbauweise mit Truss-Halteb\u00fcgel<\/td>\n<\/tr>\n<tr data-start=\"1297\" data-end=\"1378\">\n<td data-start=\"1297\" data-end=\"1324\" data-col-size=\"sm\"><strong data-start=\"1299\" data-end=\"1323\">Montagem\u00f6glichkeiten<\/strong><\/td>\n<td data-start=\"1324\" data-end=\"1378\" data-col-size=\"md\">Bodeneinsatz oder Traversenmontage (mit Halterung)<\/td>\n<\/tr>\n<\/tbody>\n<\/table>\n<\/div>\n<\/div>\n","protected":false},"excerpt":{"rendered":"<p>2 vorr\u00e4tig<\/p>\n","protected":false},"featured_media":1102,"template":"","meta":[],"product_brand":[],"product_cat":[49,44],"product_tag":[],"class_list":{"0":"post-1101","1":"product","2":"type-product","3":"status-publish","4":"has-post-thumbnail","6":"product_cat-konfetti-fx","7":"product_cat-special-fx","9":"first","10":"instock","11":"taxable","12":"shipping-taxable","13":"purchasable","14":"product-type-simple"},"_links":{"self":[{"href":"https:\/\/as-lightsound.de\/wordpress\/wp-json\/wp\/v2\/product\/1101","targetHints":{"allow":["GET"]}}],"collection":[{"href":"https:\/\/as-lightsound.de\/wordpress\/wp-json\/wp\/v2\/product"}],"about":[{"href":"https:\/\/as-lightsound.de\/wordpress\/wp-json\/wp\/v2\/types\/product"}],"wp:featuredmedia":[{"embeddable":true,"href":"https:\/\/as-lightsound.de\/wordpress\/wp-json\/wp\/v2\/media\/1102"}],"wp:attachment":[{"href":"https:\/\/as-lightsound.de\/wordpress\/wp-json\/wp\/v2\/media?parent=1101"}],"wp:term":[{"taxonomy":"product_brand","embeddable":true,"href":"https:\/\/as-lightsound.de\/wordpress\/wp-json\/wp\/v2\/product_brand?post=1101"},{"taxonomy":"product_cat","embeddable":true,"href":"https:\/\/as-lightsound.de\/wordpress\/wp-json\/wp\/v2\/product_cat?post=1101"},{"taxonomy":"product_tag","embeddable":true,"href":"https:\/\/as-lightsound.de\/wordpress\/wp-json\/wp\/v2\/product_tag?post=1101"}],"curies":[{"name":"wp","href":"https:\/\/api.w.org\/{rel}","templated":true}]}}