{"id":1096,"date":"2023-08-03T18:35:59","date_gmt":"2023-08-03T16:35:59","guid":{"rendered":"https:\/\/as-lightsound.de\/wordpress\/?post_type=product&#038;p=1096"},"modified":"2025-10-09T09:26:14","modified_gmt":"2025-10-09T07:26:14","slug":"magicfx-sfx-safety-arm-controller","status":"publish","type":"product","link":"https:\/\/as-lightsound.de\/wordpress\/product\/magicfx-sfx-safety-arm-controller\/","title":{"rendered":"MagicFX SFX Safety Arm Controller"},"content":{"rendered":"<p data-start=\"94\" data-end=\"566\">Der <strong data-start=\"98\" data-end=\"135\">MagicFX SFX Safety Arm Controller<\/strong> ist ein Schl\u00fcssel-basiertes Sicherheitssystem zur freischaltbaren Steuerung von Hochrisiko-SFX-Ger\u00e4ten wie Flammen-, Pyro- oder Jet-Effekten. Er trennt die Ausl\u00f6sung (Trigger) technisch von der Spannungsversorgung und erm\u00f6glicht \u00fcber einen Not-Aus-Knopf (E-Stop) das sofortige Abschalten aller verbundenen Ger\u00e4te. Dadurch erh\u00f6ht er die Sicherheit im B\u00fchnenbetrieb und entspricht den Anforderungen an mechanische Schutzma\u00dfnahmen.<\/p>\n<hr data-start=\"568\" data-end=\"571\" \/>\n<h3 data-start=\"573\" data-end=\"606\">Technische Daten (Tech Specs)<\/h3>\n<div class=\"_tableContainer_1rjym_1\">\n<div class=\"group _tableWrapper_1rjym_13 flex w-fit flex-col-reverse\" tabindex=\"-1\">\n<table class=\"w-fit min-w-(--thread-content-width)\" data-start=\"608\" data-end=\"1441\">\n<thead data-start=\"608\" data-end=\"626\">\n<tr data-start=\"608\" data-end=\"626\">\n<th data-start=\"608\" data-end=\"618\" data-col-size=\"sm\">Merkmal<\/th>\n<th data-start=\"618\" data-end=\"626\" data-col-size=\"md\">Wert<\/th>\n<\/tr>\n<\/thead>\n<tbody data-start=\"647\" data-end=\"1441\">\n<tr data-start=\"647\" data-end=\"681\">\n<td data-start=\"647\" data-end=\"670\" data-col-size=\"sm\"><strong data-start=\"649\" data-end=\"669\">Modellcode \/ SKU<\/strong><\/td>\n<td data-start=\"670\" data-end=\"681\" data-col-size=\"md\">MFX3220<\/td>\n<\/tr>\n<tr data-start=\"682\" data-end=\"737\">\n<td data-start=\"682\" data-end=\"712\" data-col-size=\"sm\"><strong data-start=\"684\" data-end=\"711\">Abmessungen (L \u00d7 B \u00d7 H)<\/strong><\/td>\n<td data-col-size=\"md\" data-start=\"712\" data-end=\"737\">15,8 \u00d7 18,0 \u00d7 10,2 cm<\/td>\n<\/tr>\n<tr data-start=\"738\" data-end=\"762\">\n<td data-start=\"738\" data-end=\"752\" data-col-size=\"sm\"><strong data-start=\"740\" data-end=\"751\">Gewicht<\/strong><\/td>\n<td data-start=\"752\" data-end=\"762\" data-col-size=\"md\">1,9 kg<\/td>\n<\/tr>\n<tr data-start=\"763\" data-end=\"819\">\n<td data-start=\"763\" data-end=\"789\" data-col-size=\"sm\"><strong data-start=\"765\" data-end=\"788\">Spannungsversorgung<\/strong><\/td>\n<td data-start=\"789\" data-end=\"819\" data-col-size=\"md\">100 \u2013 250 V AC, 50 \/ 60 Hz<\/td>\n<\/tr>\n<tr data-start=\"820\" data-end=\"856\">\n<td data-start=\"820\" data-end=\"844\" data-col-size=\"sm\"><strong data-start=\"822\" data-end=\"843\">Leistungsaufnahme<\/strong><\/td>\n<td data-start=\"844\" data-end=\"856\" data-col-size=\"md\">ca. 50 W<\/td>\n<\/tr>\n<tr data-start=\"857\" data-end=\"912\">\n<td data-start=\"857\" data-end=\"873\" data-col-size=\"sm\"><strong data-start=\"859\" data-end=\"872\">Steuerung<\/strong><\/td>\n<td data-start=\"873\" data-end=\"912\" data-col-size=\"md\">Manuell (Schl\u00fcssel ein\/aus, E-Stop)<\/td>\n<\/tr>\n<tr data-start=\"913\" data-end=\"990\">\n<td data-start=\"913\" data-end=\"940\" data-col-size=\"sm\"><strong data-start=\"915\" data-end=\"939\">Schl\u00fcsselaktivierung<\/strong><\/td>\n<td data-start=\"940\" data-end=\"990\" data-col-size=\"md\">Ja \u2014 System muss aktiviert (\u201ege\u00adarmed\u201c) werden<\/td>\n<\/tr>\n<tr data-start=\"991\" data-end=\"1063\">\n<td data-start=\"991\" data-end=\"1013\" data-col-size=\"sm\"><strong data-start=\"993\" data-end=\"1012\">E-Stop Funktion<\/strong><\/td>\n<td data-start=\"1013\" data-end=\"1063\" data-col-size=\"md\">Sofortige Abschaltung aller verbundenen Ger\u00e4te<\/td>\n<\/tr>\n<tr data-start=\"1064\" data-end=\"1127\">\n<td data-start=\"1064\" data-end=\"1083\" data-col-size=\"sm\"><strong data-start=\"1066\" data-end=\"1082\">LED-Anzeigen<\/strong><\/td>\n<td data-start=\"1083\" data-end=\"1127\" data-col-size=\"md\">Status-LEDs f\u00fcr \u201earmed\u201c, Fehler, Warnung<\/td>\n<\/tr>\n<tr data-start=\"1128\" data-end=\"1212\">\n<td data-start=\"1128\" data-end=\"1145\" data-col-size=\"sm\"><strong data-start=\"1130\" data-end=\"1144\">Anschl\u00fcsse<\/strong><\/td>\n<td data-col-size=\"md\" data-start=\"1145\" data-end=\"1212\">Ger\u00e4te-Ausg\u00e4nge sowie Signalkontakte (f\u00fcr Z\u00fcnder, Ventile etc.)<\/td>\n<\/tr>\n<tr data-start=\"1213\" data-end=\"1261\">\n<td data-start=\"1213\" data-end=\"1235\" data-col-size=\"sm\"><strong data-start=\"1215\" data-end=\"1234\">Geh\u00e4usematerial<\/strong><\/td>\n<td data-col-size=\"md\" data-start=\"1235\" data-end=\"1261\">Robustes Metallgeh\u00e4use<\/td>\n<\/tr>\n<tr data-start=\"1262\" data-end=\"1353\">\n<td data-start=\"1262\" data-end=\"1288\" data-col-size=\"sm\"><strong data-start=\"1264\" data-end=\"1287\">Sicherheitsstruktur<\/strong><\/td>\n<td data-start=\"1288\" data-end=\"1353\" data-col-size=\"md\">Eigene Sicherheitsschaltkreise, unabh\u00e4ngig von Datenleitungen<\/td>\n<\/tr>\n<tr data-start=\"1354\" data-end=\"1441\">\n<td data-start=\"1354\" data-end=\"1377\" data-col-size=\"sm\"><strong data-start=\"1356\" data-end=\"1376\">Normorientierung<\/strong><\/td>\n<td data-col-size=\"md\" data-start=\"1377\" data-end=\"1441\">Entwickelt gem\u00e4\u00df Maschinenrichtlinien \/ Sicherheitskonzepten<\/td>\n<\/tr>\n<\/tbody>\n<\/table>\n<\/div>\n<\/div>\n","protected":false},"excerpt":{"rendered":"<p>1 vorr\u00e4tig<\/p>\n","protected":false},"featured_media":1097,"template":"","meta":[],"product_brand":[],"product_cat":[49,44],"product_tag":[],"class_list":{"0":"post-1096","1":"product","2":"type-product","3":"status-publish","4":"has-post-thumbnail","6":"product_cat-konfetti-fx","7":"product_cat-special-fx","9":"first","10":"instock","11":"taxable","12":"shipping-taxable","13":"purchasable","14":"product-type-simple"},"_links":{"self":[{"href":"https:\/\/as-lightsound.de\/wordpress\/wp-json\/wp\/v2\/product\/1096","targetHints":{"allow":["GET"]}}],"collection":[{"href":"https:\/\/as-lightsound.de\/wordpress\/wp-json\/wp\/v2\/product"}],"about":[{"href":"https:\/\/as-lightsound.de\/wordpress\/wp-json\/wp\/v2\/types\/product"}],"wp:featuredmedia":[{"embeddable":true,"href":"https:\/\/as-lightsound.de\/wordpress\/wp-json\/wp\/v2\/media\/1097"}],"wp:attachment":[{"href":"https:\/\/as-lightsound.de\/wordpress\/wp-json\/wp\/v2\/media?parent=1096"}],"wp:term":[{"taxonomy":"product_brand","embeddable":true,"href":"https:\/\/as-lightsound.de\/wordpress\/wp-json\/wp\/v2\/product_brand?post=1096"},{"taxonomy":"product_cat","embeddable":true,"href":"https:\/\/as-lightsound.de\/wordpress\/wp-json\/wp\/v2\/product_cat?post=1096"},{"taxonomy":"product_tag","embeddable":true,"href":"https:\/\/as-lightsound.de\/wordpress\/wp-json\/wp\/v2\/product_tag?post=1096"}],"curies":[{"name":"wp","href":"https:\/\/api.w.org\/{rel}","templated":true}]}}