{"id":1093,"date":"2023-08-03T17:59:58","date_gmt":"2023-08-03T15:59:58","guid":{"rendered":"https:\/\/as-lightsound.de\/wordpress\/?post_type=product&#038;p=1093"},"modified":"2025-10-09T09:28:04","modified_gmt":"2025-10-09T07:28:04","slug":"magicfx-stadium-shot-iii","status":"publish","type":"product","link":"https:\/\/as-lightsound.de\/wordpress\/product\/magicfx-stadium-shot-iii\/","title":{"rendered":"MagicFX Stadium Shot III"},"content":{"rendered":"<p data-start=\"64\" data-end=\"456\">Der <strong data-start=\"68\" data-end=\"95\">MagicFX StadiumShot III<\/strong> ist eine professionelle Luftkanone f\u00fcr Konfetti und Streamer mit beeindruckender Leistungsf\u00e4higkeit. Trotz kompakter Abmessungen verf\u00fcgt sie \u00fcber einen integrierten Luftkompressor, Onboard-DMX-Steuerung und modernisierte Sicherheitsfunktionen. Sie richtet sich an gro\u00dfe Produktionen, Festivals und Shows, die h\u00f6chste Wirkung und Betriebssicherheit erfordern.<\/p>\n<hr data-start=\"458\" data-end=\"461\" \/>\n<h3 data-start=\"463\" data-end=\"496\">Technische Daten (Tech Specs)<\/h3>\n<div class=\"_tableContainer_1rjym_1\">\n<div class=\"group _tableWrapper_1rjym_13 flex w-fit flex-col-reverse\" tabindex=\"-1\">\n<table class=\"w-fit min-w-(--thread-content-width)\" data-start=\"498\" data-end=\"1280\">\n<thead data-start=\"498\" data-end=\"516\">\n<tr data-start=\"498\" data-end=\"516\">\n<th data-start=\"498\" data-end=\"508\" data-col-size=\"sm\">Merkmal<\/th>\n<th data-start=\"508\" data-end=\"516\" data-col-size=\"md\">Wert<\/th>\n<\/tr>\n<\/thead>\n<tbody data-start=\"537\" data-end=\"1280\">\n<tr data-start=\"537\" data-end=\"569\">\n<td data-start=\"537\" data-end=\"550\" data-col-size=\"sm\"><strong data-start=\"539\" data-end=\"549\">Modell<\/strong><\/td>\n<td data-start=\"550\" data-end=\"569\" data-col-size=\"md\">StadiumShot III<\/td>\n<\/tr>\n<tr data-start=\"570\" data-end=\"622\">\n<td data-start=\"570\" data-end=\"596\" data-col-size=\"sm\"><strong data-start=\"572\" data-end=\"595\">Spannung \/ Frequenz<\/strong><\/td>\n<td data-start=\"596\" data-end=\"622\" data-col-size=\"md\">100\u2013250 V AC, 50\/60 Hz<\/td>\n<\/tr>\n<tr data-start=\"623\" data-end=\"656\">\n<td data-start=\"623\" data-end=\"647\" data-col-size=\"sm\"><strong data-start=\"625\" data-end=\"646\">Leistungsaufnahme<\/strong><\/td>\n<td data-start=\"647\" data-end=\"656\" data-col-size=\"md\">350 W<\/td>\n<\/tr>\n<tr data-start=\"657\" data-end=\"706\">\n<td data-start=\"657\" data-end=\"687\" data-col-size=\"sm\"><strong data-start=\"659\" data-end=\"686\">Abmessungen (L \u00d7 B \u00d7 H)<\/strong><\/td>\n<td data-col-size=\"md\" data-start=\"687\" data-end=\"706\">60 \u00d7 40 \u00d7 87 cm<\/td>\n<\/tr>\n<tr data-start=\"707\" data-end=\"745\">\n<td data-start=\"707\" data-end=\"736\" data-col-size=\"sm\"><strong data-start=\"709\" data-end=\"735\">Gewicht (ohne Zubeh\u00f6r)<\/strong><\/td>\n<td data-start=\"736\" data-end=\"745\" data-col-size=\"md\">86 kg<\/td>\n<\/tr>\n<tr data-start=\"746\" data-end=\"784\">\n<td data-start=\"746\" data-end=\"762\" data-col-size=\"sm\"><strong data-start=\"748\" data-end=\"761\">Steuerung<\/strong><\/td>\n<td data-start=\"762\" data-end=\"784\" data-col-size=\"md\">DMX \/ Pyro 24 V DC<\/td>\n<\/tr>\n<tr data-start=\"785\" data-end=\"863\">\n<td data-start=\"785\" data-end=\"812\" data-col-size=\"sm\"><strong data-start=\"787\" data-end=\"811\">Sicherheitssteuerung<\/strong><\/td>\n<td data-start=\"812\" data-end=\"863\" data-col-size=\"md\">SFX Safety Arm System (mit Arm-Override-Switch)<\/td>\n<\/tr>\n<tr data-start=\"864\" data-end=\"919\">\n<td data-start=\"864\" data-end=\"894\" data-col-size=\"sm\"><strong data-start=\"866\" data-end=\"893\">Integrierter Kompressor<\/strong><\/td>\n<td data-col-size=\"md\" data-start=\"894\" data-end=\"919\">Ja (leise Ausf\u00fchrung)<\/td>\n<\/tr>\n<tr data-start=\"920\" data-end=\"1049\">\n<td data-start=\"920\" data-end=\"938\" data-col-size=\"sm\"><strong data-start=\"922\" data-end=\"937\">Kapazit\u00e4ten<\/strong><\/td>\n<td data-start=\"938\" data-end=\"1049\" data-col-size=\"md\">Papierkonfetti: bis ca. 2 kg<br \/>\nMetallkonfetti: bis ca. 3 kg<br \/>\nStreamer: 8\u201320 Polybags (je nach Gr\u00f6\u00dfe)<\/td>\n<\/tr>\n<tr data-start=\"1050\" data-end=\"1128\">\n<td data-start=\"1050\" data-end=\"1074\" data-col-size=\"sm\"><strong data-start=\"1052\" data-end=\"1073\">Aussto\u00dfreichweite<\/strong><\/td>\n<td data-start=\"1074\" data-end=\"1128\" data-col-size=\"md\">Konfetti: bis ca. 20 m<br \/>\nStreamer: bis ca. 40 m<\/td>\n<\/tr>\n<tr data-start=\"1129\" data-end=\"1225\">\n<td data-start=\"1129\" data-end=\"1155\" data-col-size=\"sm\"><strong data-start=\"1131\" data-end=\"1154\">Kontrollmechanismen<\/strong><\/td>\n<td data-col-size=\"md\" data-start=\"1155\" data-end=\"1225\">Druckanzeige auf beiden Seiten, direkter Entleerungsventil am Tank<\/td>\n<\/tr>\n<tr data-start=\"1226\" data-end=\"1280\">\n<td data-start=\"1226\" data-end=\"1249\" data-col-size=\"sm\"><strong data-start=\"1228\" data-end=\"1248\">Verbrauchsmittel<\/strong><\/td>\n<td data-start=\"1249\" data-end=\"1280\" data-col-size=\"md\">MagicFX Konfetti \/ Streamer<\/td>\n<\/tr>\n<\/tbody>\n<\/table>\n<\/div>\n<\/div>\n","protected":false},"excerpt":{"rendered":"<p>4 vorr\u00e4tig<\/p>\n","protected":false},"featured_media":1094,"template":"","meta":[],"product_brand":[],"product_cat":[49,44],"product_tag":[],"class_list":{"0":"post-1093","1":"product","2":"type-product","3":"status-publish","4":"has-post-thumbnail","6":"product_cat-konfetti-fx","7":"product_cat-special-fx","9":"first","10":"instock","11":"taxable","12":"shipping-taxable","13":"purchasable","14":"product-type-simple"},"_links":{"self":[{"href":"https:\/\/as-lightsound.de\/wordpress\/wp-json\/wp\/v2\/product\/1093","targetHints":{"allow":["GET"]}}],"collection":[{"href":"https:\/\/as-lightsound.de\/wordpress\/wp-json\/wp\/v2\/product"}],"about":[{"href":"https:\/\/as-lightsound.de\/wordpress\/wp-json\/wp\/v2\/types\/product"}],"wp:featuredmedia":[{"embeddable":true,"href":"https:\/\/as-lightsound.de\/wordpress\/wp-json\/wp\/v2\/media\/1094"}],"wp:attachment":[{"href":"https:\/\/as-lightsound.de\/wordpress\/wp-json\/wp\/v2\/media?parent=1093"}],"wp:term":[{"taxonomy":"product_brand","embeddable":true,"href":"https:\/\/as-lightsound.de\/wordpress\/wp-json\/wp\/v2\/product_brand?post=1093"},{"taxonomy":"product_cat","embeddable":true,"href":"https:\/\/as-lightsound.de\/wordpress\/wp-json\/wp\/v2\/product_cat?post=1093"},{"taxonomy":"product_tag","embeddable":true,"href":"https:\/\/as-lightsound.de\/wordpress\/wp-json\/wp\/v2\/product_tag?post=1093"}],"curies":[{"name":"wp","href":"https:\/\/api.w.org\/{rel}","templated":true}]}}