{"id":106,"date":"2021-02-17T11:17:52","date_gmt":"2021-02-17T10:17:52","guid":{"rendered":"https:\/\/as-lightsound.de\/wordpress\/?post_type=product&#038;p=106"},"modified":"2025-10-07T08:44:34","modified_gmt":"2025-10-07T06:44:34","slug":"106","status":"publish","type":"product","link":"https:\/\/as-lightsound.de\/wordpress\/product\/106\/","title":{"rendered":"Midas DL231 Stagebox"},"content":{"rendered":"<p data-start=\"186\" data-end=\"549\">Die <strong data-start=\"190\" data-end=\"205\">Midas DL231<\/strong> ist eine High-End-Stagebox mit 24 analogen Eing\u00e4ngen und 24 Ausg\u00e4ngen, die zwei unabh\u00e4ngige digitale Audio-Interfaces bietet. Sie erm\u00f6glicht simultanen Zugriff von zwei Mischpulten auf dieselben Mikrofonvorverst\u00e4rker \u2013 ideal f\u00fcr FOH\/Monitor-Setups, Touring und Broadcast-Anwendungen mit h\u00f6chsten Anspr\u00fcchen an Flexibilit\u00e4t und Klangqualit\u00e4t.<\/p>\n<hr data-start=\"551\" data-end=\"554\" \/>\n<h3 data-start=\"556\" data-end=\"593\"><strong data-start=\"560\" data-end=\"593\">Technische Daten (Tech Specs)<\/strong><\/h3>\n<div class=\"_tableContainer_1rjym_1\">\n<div class=\"group _tableWrapper_1rjym_13 flex w-fit flex-col-reverse\" tabindex=\"-1\">\n<table class=\"w-fit min-w-(--thread-content-width)\" data-start=\"595\" data-end=\"1774\">\n<thead data-start=\"595\" data-end=\"622\">\n<tr data-start=\"595\" data-end=\"622\">\n<th data-start=\"595\" data-end=\"605\" data-col-size=\"sm\">Merkmal<\/th>\n<th data-start=\"605\" data-end=\"622\" data-col-size=\"lg\">Spezifikation<\/th>\n<\/tr>\n<\/thead>\n<tbody data-start=\"646\" data-end=\"1774\">\n<tr data-start=\"646\" data-end=\"703\">\n<td data-start=\"646\" data-end=\"661\" data-col-size=\"sm\"><strong data-start=\"648\" data-end=\"660\">Eing\u00e4nge<\/strong><\/td>\n<td data-start=\"661\" data-end=\"703\" data-col-size=\"lg\">24 \u00d7 XLR (Mic\/Line, Midas PRO Preamps)<\/td>\n<\/tr>\n<tr data-start=\"704\" data-end=\"751\">\n<td data-start=\"704\" data-end=\"719\" data-col-size=\"sm\"><strong data-start=\"706\" data-end=\"718\">Ausg\u00e4nge<\/strong><\/td>\n<td data-start=\"719\" data-end=\"751\" data-col-size=\"lg\">24 \u00d7 XLR (symmetrisch, Line)<\/td>\n<\/tr>\n<tr data-start=\"752\" data-end=\"844\">\n<td data-start=\"752\" data-end=\"782\" data-col-size=\"sm\"><strong data-start=\"754\" data-end=\"781\">Digitale Schnittstellen<\/strong><\/td>\n<td data-start=\"782\" data-end=\"844\" data-col-size=\"lg\">4 \u00d7 AES50 Ports (2 pro Engine \u2013 redundante Dual-Netzwerke)<\/td>\n<\/tr>\n<tr data-start=\"845\" data-end=\"954\">\n<td data-start=\"845\" data-end=\"869\" data-col-size=\"sm\"><strong data-start=\"847\" data-end=\"868\">Systemarchitektur<\/strong><\/td>\n<td data-start=\"869\" data-end=\"954\" data-col-size=\"lg\">Dual Engine Design \u2013 simultane Ansteuerung durch 2 Konsolen (z. B. FOH &amp; Monitor)<\/td>\n<\/tr>\n<tr data-start=\"955\" data-end=\"1007\">\n<td data-start=\"955\" data-end=\"975\" data-col-size=\"sm\"><strong data-start=\"957\" data-end=\"974\">Audioqualit\u00e4t<\/strong><\/td>\n<td data-start=\"975\" data-end=\"1007\" data-col-size=\"lg\">24 Bit \/ 96 kHz Samplingrate<\/td>\n<\/tr>\n<tr data-start=\"1008\" data-end=\"1084\">\n<td data-start=\"1008\" data-end=\"1028\" data-col-size=\"sm\"><strong data-start=\"1010\" data-end=\"1027\">Vorverst\u00e4rker<\/strong><\/td>\n<td data-start=\"1028\" data-end=\"1084\" data-col-size=\"lg\">Midas PRO Serie, ferngesteuert, digital kontrolliert<\/td>\n<\/tr>\n<tr data-start=\"1085\" data-end=\"1159\">\n<td data-start=\"1085\" data-end=\"1100\" data-col-size=\"sm\"><strong data-start=\"1087\" data-end=\"1099\">Clocking<\/strong><\/td>\n<td data-start=\"1100\" data-end=\"1159\" data-col-size=\"lg\">Automatische Synchronisation \/ Wordclock In &amp; Out (BNC)<\/td>\n<\/tr>\n<tr data-start=\"1160\" data-end=\"1221\">\n<td data-start=\"1160\" data-end=\"1178\" data-col-size=\"sm\"><strong data-start=\"1162\" data-end=\"1177\">MIDI \/ GPIO<\/strong><\/td>\n<td data-start=\"1178\" data-end=\"1221\" data-col-size=\"lg\">MIDI In\/Out, GPIO f\u00fcr externe Steuerung<\/td>\n<\/tr>\n<tr data-start=\"1222\" data-end=\"1297\">\n<td data-start=\"1222\" data-end=\"1244\" data-col-size=\"sm\"><strong data-start=\"1224\" data-end=\"1243\">Erweiterbarkeit<\/strong><\/td>\n<td data-start=\"1244\" data-end=\"1297\" data-col-size=\"lg\">Kaskadierbar \u00fcber AES50 mit anderen DL-Stageboxen<\/td>\n<\/tr>\n<tr data-start=\"1298\" data-end=\"1376\">\n<td data-start=\"1298\" data-end=\"1320\" data-col-size=\"sm\"><strong data-start=\"1300\" data-end=\"1319\">Stromversorgung<\/strong><\/td>\n<td data-start=\"1320\" data-end=\"1376\" data-col-size=\"lg\">Duale, redundante Netzteile (100\u2013240 V AC, 50\/60 Hz)<\/td>\n<\/tr>\n<tr data-start=\"1377\" data-end=\"1442\">\n<td data-start=\"1377\" data-end=\"1391\" data-col-size=\"sm\"><strong data-start=\"1379\" data-end=\"1390\">Geh\u00e4use<\/strong><\/td>\n<td data-start=\"1391\" data-end=\"1442\" data-col-size=\"lg\">19\u2033 Rackmount, 3 HE, robuste Touring-Ausf\u00fchrung<\/td>\n<\/tr>\n<tr data-start=\"1443\" data-end=\"1499\">\n<td data-start=\"1443\" data-end=\"1473\" data-col-size=\"sm\"><strong data-start=\"1445\" data-end=\"1472\">Abmessungen (B \u00d7 H \u00d7 T)<\/strong><\/td>\n<td data-start=\"1473\" data-end=\"1499\" data-col-size=\"lg\">ca. 483 \u00d7 132 \u00d7 220 mm<\/td>\n<\/tr>\n<tr data-start=\"1500\" data-end=\"1528\">\n<td data-start=\"1500\" data-end=\"1514\" data-col-size=\"sm\"><strong data-start=\"1502\" data-end=\"1513\">Gewicht<\/strong><\/td>\n<td data-start=\"1514\" data-end=\"1528\" data-col-size=\"lg\">ca. 7,2 kg<\/td>\n<\/tr>\n<tr data-start=\"1529\" data-end=\"1624\">\n<td data-start=\"1529\" data-end=\"1553\" data-col-size=\"sm\"><strong data-start=\"1531\" data-end=\"1552\">Netzwerkprotokoll<\/strong><\/td>\n<td data-start=\"1553\" data-end=\"1624\" data-col-size=\"lg\">AES50 SuperMAC (48 bidirektionale Kan\u00e4le pro Port, niedrige Latenz)<\/td>\n<\/tr>\n<tr data-start=\"1625\" data-end=\"1774\">\n<td data-start=\"1625\" data-end=\"1646\" data-col-size=\"sm\"><strong data-start=\"1627\" data-end=\"1645\">Besonderheiten<\/strong><\/td>\n<td data-start=\"1646\" data-end=\"1774\" data-col-size=\"lg\">Dual AES50-Interface f\u00fcr zwei Mischpulte, Redundanzf\u00e4hig, High-End Midas-Preamps, 96 kHz Audio, ideal f\u00fcr FOH\/Monitor-Setups<\/td>\n<\/tr>\n<\/tbody>\n<\/table>\n<\/div>\n<\/div>\n","protected":false},"excerpt":{"rendered":"<p>6 vorr\u00e4tig<\/p>\n","protected":false},"featured_media":107,"template":"","meta":[],"product_brand":[],"product_cat":[16],"product_tag":[],"class_list":{"0":"post-106","1":"product","2":"type-product","3":"status-publish","4":"has-post-thumbnail","6":"product_cat-mischpulte","8":"first","9":"instock","10":"taxable","11":"shipping-taxable","12":"purchasable","13":"product-type-simple"},"_links":{"self":[{"href":"https:\/\/as-lightsound.de\/wordpress\/wp-json\/wp\/v2\/product\/106","targetHints":{"allow":["GET"]}}],"collection":[{"href":"https:\/\/as-lightsound.de\/wordpress\/wp-json\/wp\/v2\/product"}],"about":[{"href":"https:\/\/as-lightsound.de\/wordpress\/wp-json\/wp\/v2\/types\/product"}],"wp:featuredmedia":[{"embeddable":true,"href":"https:\/\/as-lightsound.de\/wordpress\/wp-json\/wp\/v2\/media\/107"}],"wp:attachment":[{"href":"https:\/\/as-lightsound.de\/wordpress\/wp-json\/wp\/v2\/media?parent=106"}],"wp:term":[{"taxonomy":"product_brand","embeddable":true,"href":"https:\/\/as-lightsound.de\/wordpress\/wp-json\/wp\/v2\/product_brand?post=106"},{"taxonomy":"product_cat","embeddable":true,"href":"https:\/\/as-lightsound.de\/wordpress\/wp-json\/wp\/v2\/product_cat?post=106"},{"taxonomy":"product_tag","embeddable":true,"href":"https:\/\/as-lightsound.de\/wordpress\/wp-json\/wp\/v2\/product_tag?post=106"}],"curies":[{"name":"wp","href":"https:\/\/api.w.org\/{rel}","templated":true}]}}