{"id":100,"date":"2021-02-17T11:04:19","date_gmt":"2021-02-17T10:04:19","guid":{"rendered":"https:\/\/as-lightsound.de\/wordpress\/?post_type=product&#038;p=100"},"modified":"2025-10-07T10:16:43","modified_gmt":"2025-10-07T08:16:43","slug":"soundcraft-e6","status":"publish","type":"product","link":"https:\/\/as-lightsound.de\/wordpress\/product\/soundcraft-e6\/","title":{"rendered":"Soundcraft E6"},"content":{"rendered":"<p data-start=\"175\" data-end=\"560\">Das <strong data-start=\"179\" data-end=\"196\">Soundcraft E6<\/strong> ist ein hochwertiges, kompaktes <strong data-start=\"229\" data-end=\"248\">Analogmischpult<\/strong> f\u00fcr kleinere Live-Setups, Studios und Installationen. Es bietet die bew\u00e4hrte Soundcraft-Qualit\u00e4t mit rauscharmen Mikrofonvorverst\u00e4rkern, pr\u00e4zisem 3-Band-EQ und robustem Aufbau. Ideal f\u00fcr Musiker, DJs, Pr\u00e4sentationen und Installationen, bei denen zuverl\u00e4ssige Audioqualit\u00e4t und einfache Bedienung gefragt sind.<\/p>\n<hr data-start=\"562\" data-end=\"565\" \/>\n<h3 data-start=\"567\" data-end=\"604\"><strong data-start=\"571\" data-end=\"604\">Technische Daten (Tech Specs)<\/strong><\/h3>\n<div class=\"_tableContainer_1rjym_1\">\n<div class=\"group _tableWrapper_1rjym_13 flex w-fit flex-col-reverse\" tabindex=\"-1\">\n<table class=\"w-fit min-w-(--thread-content-width)\" data-start=\"606\" data-end=\"1711\">\n<thead data-start=\"606\" data-end=\"633\">\n<tr data-start=\"606\" data-end=\"633\">\n<th data-start=\"606\" data-end=\"616\" data-col-size=\"sm\">Merkmal<\/th>\n<th data-start=\"616\" data-end=\"633\" data-col-size=\"md\">Spezifikation<\/th>\n<\/tr>\n<\/thead>\n<tbody data-start=\"657\" data-end=\"1711\">\n<tr data-start=\"657\" data-end=\"747\">\n<td data-start=\"657\" data-end=\"679\" data-col-size=\"sm\"><strong data-start=\"659\" data-end=\"678\">Eing\u00e4nge (Mono)<\/strong><\/td>\n<td data-start=\"679\" data-end=\"747\" data-col-size=\"md\">6 \u00d7 Mic\/Line (XLR + 6,3 mm Klinke) mit Soundcraft-Vorverst\u00e4rkern<\/td>\n<\/tr>\n<tr data-start=\"748\" data-end=\"807\">\n<td data-start=\"748\" data-end=\"772\" data-col-size=\"sm\"><strong data-start=\"750\" data-end=\"771\">Eing\u00e4nge (Stereo)<\/strong><\/td>\n<td data-start=\"772\" data-end=\"807\" data-col-size=\"md\">2 \u00d7 Stereo Line (6,3 mm Klinke)<\/td>\n<\/tr>\n<tr data-start=\"808\" data-end=\"879\">\n<td data-start=\"808\" data-end=\"830\" data-col-size=\"sm\"><strong data-start=\"810\" data-end=\"829\">Ausg\u00e4nge (Main)<\/strong><\/td>\n<td data-start=\"830\" data-end=\"879\" data-col-size=\"md\">2 \u00d7 XLR (Main L\/R) + 2 \u00d7 Monitor Out (Klinke)<\/td>\n<\/tr>\n<tr data-start=\"880\" data-end=\"923\">\n<td data-start=\"880\" data-end=\"900\" data-col-size=\"sm\"><strong data-start=\"882\" data-end=\"899\">Insert Points<\/strong><\/td>\n<td data-start=\"900\" data-end=\"923\" data-col-size=\"md\">Pro Monokanal (TRS)<\/td>\n<\/tr>\n<tr data-start=\"924\" data-end=\"977\">\n<td data-start=\"924\" data-end=\"940\" data-col-size=\"sm\"><strong data-start=\"926\" data-end=\"939\">Aux Sends<\/strong><\/td>\n<td data-start=\"940\" data-end=\"977\" data-col-size=\"md\">1 \u00d7 Aux Send (pre\/post schaltbar)<\/td>\n<\/tr>\n<tr data-start=\"978\" data-end=\"1038\">\n<td data-start=\"978\" data-end=\"1001\" data-col-size=\"sm\"><strong data-start=\"980\" data-end=\"1000\">EQ (Mono-Kan\u00e4le)<\/strong><\/td>\n<td data-start=\"1001\" data-end=\"1038\" data-col-size=\"md\">3-Band-EQ (H\u00f6hen, Mitten, Tiefen)<\/td>\n<\/tr>\n<tr data-start=\"1039\" data-end=\"1093\">\n<td data-start=\"1039\" data-end=\"1064\" data-col-size=\"sm\"><strong data-start=\"1041\" data-end=\"1063\">EQ (Stereo-Kan\u00e4le)<\/strong><\/td>\n<td data-start=\"1064\" data-end=\"1093\" data-col-size=\"md\">2-Band-EQ (H\u00f6hen, Tiefen)<\/td>\n<\/tr>\n<tr data-start=\"1094\" data-end=\"1131\">\n<td data-start=\"1094\" data-end=\"1106\" data-col-size=\"sm\"><strong data-start=\"1096\" data-end=\"1105\">Fader<\/strong><\/td>\n<td data-start=\"1106\" data-end=\"1131\" data-col-size=\"md\">60 mm Pr\u00e4zisionsfader<\/td>\n<\/tr>\n<tr data-start=\"1132\" data-end=\"1176\">\n<td data-start=\"1132\" data-end=\"1152\" data-col-size=\"sm\"><strong data-start=\"1134\" data-end=\"1151\">Pegelanzeigen<\/strong><\/td>\n<td data-start=\"1152\" data-end=\"1176\" data-col-size=\"md\">10-Segment-LED-Meter<\/td>\n<\/tr>\n<tr data-start=\"1177\" data-end=\"1217\">\n<td data-start=\"1177\" data-end=\"1199\" data-col-size=\"sm\"><strong data-start=\"1179\" data-end=\"1198\">Phantomspeisung<\/strong><\/td>\n<td data-start=\"1199\" data-end=\"1217\" data-col-size=\"md\">48 V schaltbar<\/td>\n<\/tr>\n<tr data-start=\"1218\" data-end=\"1279\">\n<td data-start=\"1218\" data-end=\"1241\" data-col-size=\"sm\"><strong data-start=\"1220\" data-end=\"1240\">Kopfh\u00f6rerausgang<\/strong><\/td>\n<td data-start=\"1241\" data-end=\"1279\" data-col-size=\"md\">6,3 mm Klinke mit regelbarem Pegel<\/td>\n<\/tr>\n<tr data-start=\"1280\" data-end=\"1337\">\n<td data-start=\"1280\" data-end=\"1298\" data-col-size=\"sm\"><strong data-start=\"1282\" data-end=\"1297\">Tape In\/Out<\/strong><\/td>\n<td data-start=\"1298\" data-end=\"1337\" data-col-size=\"md\">Cinch (RCA) \u2013 f\u00fcr Aufnahme\/Playback<\/td>\n<\/tr>\n<tr data-start=\"1338\" data-end=\"1396\">\n<td data-start=\"1338\" data-end=\"1360\" data-col-size=\"sm\"><strong data-start=\"1340\" data-end=\"1359\">Stromversorgung<\/strong><\/td>\n<td data-start=\"1360\" data-end=\"1396\" data-col-size=\"md\">Intern (IEC-Kaltger\u00e4teanschluss)<\/td>\n<\/tr>\n<tr data-start=\"1397\" data-end=\"1449\">\n<td data-start=\"1397\" data-end=\"1423\" data-col-size=\"sm\"><strong data-start=\"1399\" data-end=\"1422\">Spannungsversorgung<\/strong><\/td>\n<td data-start=\"1423\" data-end=\"1449\" data-col-size=\"md\">100\u2013240 V AC, 50\/60 Hz<\/td>\n<\/tr>\n<tr data-start=\"1450\" data-end=\"1486\">\n<td data-start=\"1450\" data-end=\"1474\" data-col-size=\"sm\"><strong data-start=\"1452\" data-end=\"1473\">Leistungsaufnahme<\/strong><\/td>\n<td data-start=\"1474\" data-end=\"1486\" data-col-size=\"md\">ca. 20 W<\/td>\n<\/tr>\n<tr data-start=\"1487\" data-end=\"1520\">\n<td data-start=\"1487\" data-end=\"1503\" data-col-size=\"sm\"><strong data-start=\"1489\" data-end=\"1502\">Schutzart<\/strong><\/td>\n<td data-start=\"1503\" data-end=\"1520\" data-col-size=\"md\">IP20 (Indoor)<\/td>\n<\/tr>\n<tr data-start=\"1521\" data-end=\"1572\">\n<td data-start=\"1521\" data-end=\"1551\" data-col-size=\"sm\"><strong data-start=\"1523\" data-end=\"1550\">Abmessungen (B \u00d7 H \u00d7 T)<\/strong><\/td>\n<td data-start=\"1551\" data-end=\"1572\" data-col-size=\"md\">330 \u00d7 91 \u00d7 362 mm<\/td>\n<\/tr>\n<tr data-start=\"1573\" data-end=\"1601\">\n<td data-start=\"1573\" data-end=\"1587\" data-col-size=\"sm\"><strong data-start=\"1575\" data-end=\"1586\">Gewicht<\/strong><\/td>\n<td data-start=\"1587\" data-end=\"1601\" data-col-size=\"md\">ca. 4,2 kg<\/td>\n<\/tr>\n<tr data-start=\"1602\" data-end=\"1711\">\n<td data-start=\"1602\" data-end=\"1623\" data-col-size=\"sm\"><strong data-start=\"1604\" data-end=\"1622\">Besonderheiten<\/strong><\/td>\n<td data-start=\"1623\" data-end=\"1711\" data-col-size=\"md\">6 Mic-Preamps, 3-Band-EQ, 1 Aux-Weg, robuste Bauweise, XLR-Main-Outs, kompakte Gr\u00f6\u00dfe<\/td>\n<\/tr>\n<\/tbody>\n<\/table>\n<\/div>\n<\/div>\n","protected":false},"excerpt":{"rendered":"<p>1 vorr\u00e4tig<\/p>\n","protected":false},"featured_media":101,"template":"","meta":[],"product_brand":[],"product_cat":[16],"product_tag":[],"class_list":{"0":"post-100","1":"product","2":"type-product","3":"status-publish","4":"has-post-thumbnail","6":"product_cat-mischpulte","8":"first","9":"instock","10":"taxable","11":"shipping-taxable","12":"purchasable","13":"product-type-simple"},"_links":{"self":[{"href":"https:\/\/as-lightsound.de\/wordpress\/wp-json\/wp\/v2\/product\/100","targetHints":{"allow":["GET"]}}],"collection":[{"href":"https:\/\/as-lightsound.de\/wordpress\/wp-json\/wp\/v2\/product"}],"about":[{"href":"https:\/\/as-lightsound.de\/wordpress\/wp-json\/wp\/v2\/types\/product"}],"wp:featuredmedia":[{"embeddable":true,"href":"https:\/\/as-lightsound.de\/wordpress\/wp-json\/wp\/v2\/media\/101"}],"wp:attachment":[{"href":"https:\/\/as-lightsound.de\/wordpress\/wp-json\/wp\/v2\/media?parent=100"}],"wp:term":[{"taxonomy":"product_brand","embeddable":true,"href":"https:\/\/as-lightsound.de\/wordpress\/wp-json\/wp\/v2\/product_brand?post=100"},{"taxonomy":"product_cat","embeddable":true,"href":"https:\/\/as-lightsound.de\/wordpress\/wp-json\/wp\/v2\/product_cat?post=100"},{"taxonomy":"product_tag","embeddable":true,"href":"https:\/\/as-lightsound.de\/wordpress\/wp-json\/wp\/v2\/product_tag?post=100"}],"curies":[{"name":"wp","href":"https:\/\/api.w.org\/{rel}","templated":true}]}}